{"id":34,"date":"2018-10-10T10:18:04","date_gmt":"2018-10-10T10:18:04","guid":{"rendered":"https:\/\/cecanholistica.com.br\/site\/about-me\/"},"modified":"2022-09-23T15:41:03","modified_gmt":"2022-09-23T18:41:03","slug":"sobre","status":"publish","type":"page","link":"https:\/\/cecanholistica.com.br\/site\/sobre\/","title":{"rendered":"sOBRE"},"content":{"rendered":"\t\t<div data-elementor-type=\"wp-post\" data-elementor-id=\"34\" class=\"elementor elementor-34\">\n\t\t\t\t\t\t\t\t\t<section class=\"elementor-section elementor-top-section elementor-element elementor-element-83c08db elementor-section-boxed elementor-section-height-default elementor-section-height-default\" data-id=\"83c08db\" data-element_type=\"section\">\n\t\t\t\t\t\t<div class=\"elementor-container elementor-column-gap-default\">\n\t\t\t\t\t<div class=\"elementor-column elementor-col-66 elementor-top-column elementor-element elementor-element-83c9f57\" data-id=\"83c9f57\" data-element_type=\"column\">\n\t\t\t<div class=\"elementor-widget-wrap elementor-element-populated\">\n\t\t\t\t\t\t\t\t<div class=\"elementor-element elementor-element-af47cd0 elementor-widget elementor-widget-heading\" data-id=\"af47cd0\" data-element_type=\"widget\" data-widget_type=\"heading.default\">\n\t\t\t\t<div class=\"elementor-widget-container\">\n\t\t\t<style>\/*! elementor - v3.13.3 - 28-05-2023 *\/\n.elementor-heading-title{padding:0;margin:0;line-height:1}.elementor-widget-heading .elementor-heading-title[class*=elementor-size-]>a{color:inherit;font-size:inherit;line-height:inherit}.elementor-widget-heading .elementor-heading-title.elementor-size-small{font-size:15px}.elementor-widget-heading .elementor-heading-title.elementor-size-medium{font-size:19px}.elementor-widget-heading .elementor-heading-title.elementor-size-large{font-size:29px}.elementor-widget-heading .elementor-heading-title.elementor-size-xl{font-size:39px}.elementor-widget-heading .elementor-heading-title.elementor-size-xxl{font-size:59px}<\/style><h3 class=\"elementor-heading-title elementor-size-large\">CECAN \u2013 Centro Carioca de Terapias Hol\u00edstica e Natural\n<\/h3>\t\t<\/div>\n\t\t\t\t<\/div>\n\t\t\t\t<div class=\"elementor-element elementor-element-3c61492 elementor-widget elementor-widget-text-editor\" data-id=\"3c61492\" data-element_type=\"widget\" data-widget_type=\"text-editor.default\">\n\t\t\t\t<div class=\"elementor-widget-container\">\n\t\t\t<style>\/*! elementor - v3.13.3 - 28-05-2023 *\/\n.elementor-widget-text-editor.elementor-drop-cap-view-stacked .elementor-drop-cap{background-color:#69727d;color:#fff}.elementor-widget-text-editor.elementor-drop-cap-view-framed .elementor-drop-cap{color:#69727d;border:3px solid;background-color:transparent}.elementor-widget-text-editor:not(.elementor-drop-cap-view-default) .elementor-drop-cap{margin-top:8px}.elementor-widget-text-editor:not(.elementor-drop-cap-view-default) .elementor-drop-cap-letter{width:1em;height:1em}.elementor-widget-text-editor .elementor-drop-cap{float:left;text-align:center;line-height:1;font-size:50px}.elementor-widget-text-editor .elementor-drop-cap-letter{display:inline-block}<\/style>\t\t\t\t<p>O objetivo da cria\u00e7\u00e3o do CECAN nasceu do desejo de auxiliar as pessoas que sofrem tanto de dores f\u00edsicas, como dores da alma, a superarem suas enfermidades e voltarem a ter uma melhor qualidade de vida.<\/p>\n<p>O CECAN n\u00e3o adota ou representa nenhuma religi\u00e3o em particular, mas n\u00e3o pode deixar de enxergar que o Homem n\u00e3o \u00e9 somente corpo f\u00edsico, possuindo outros corpos, sendo os principais o mental, espiritual e o emocional.<\/p>\n<p>A espiritualidade \u00e9 inerente ao Homem. Respeitamos, entretanto, toda cren\u00e7a ou aqueles que se declaram ateus e agn\u00f3sticos.<\/p>\n<p>Durante as nossas pesquisas, ao procurarmos por&nbsp;respostas das causas de v\u00e1rias doen\u00e7as, encontramos um ponto em comum: o fator emocional, que \u00e9 respons\u00e1vel, comprovada&nbsp; cientificamente, pelo o que j\u00e1 poder\u00edamos chamar de mal do s\u00e9culos XXI e&nbsp;<span style=\"background-color: var(--ast-global-color-4); color: var(--ast-global-color-3); font-size: 1rem;\">XXII,<\/span><span style=\"font-style: inherit; font-weight: inherit; background-color: var(--ast-global-color-4); color: var(--ast-global-color-3);\">&nbsp;a depress\u00e3o.<\/span><\/p>\n<p>Ansiedade, depress\u00e3o, ins\u00f4nia, mau humor, desequil\u00edbrio na alimenta\u00e7\u00e3o, fuga para v\u00edcios ou drogas, tudo isso \u00e9 originado&nbsp;de um emocional desequilibrado, desarmonizado.<\/p>\n<p>A Terapia Hol\u00edstica e Natural surge como uma das solu\u00e7\u00f5es para os problemas descritos, fundamentada, em sua maioria, na medicina tradicional chinesa, que enxerga o ser humano na sua totalidade.<\/p>\n<p>Uma pessoa pode adoecer simplesmente pela falta de amor, de aten\u00e7\u00e3o, de gratid\u00e3o ou de perd\u00e3o.<\/p>\n<p>N\u00f3s, do CECAN, aplicamos as terapias hol\u00edsticas de segunda \u00e0 sexta-feira, no hor\u00e1rio comercial. De acordo com o cronograma dos cursos, alguns ser\u00e3o ministrados aos s\u00e1bados e outros, s\u00e1bado e domingo. Ser\u00e3o tamb\u00e9m oferecidos cursos das terapias aplicadas&nbsp;pelo CECAN.<\/p>\n<p>\u00c9 com muita alegria que oferecemos nossos conhecimentos em prol da melhoria da sa\u00fade daqueles que nos procuram.<\/p>\n<p>Gratid\u00e3o, namast\u00ea<\/p>\t\t\t\t\t\t<\/div>\n\t\t\t\t<\/div>\n\t\t\t\t\t<\/div>\n\t\t<\/div>\n\t\t\t\t<div class=\"elementor-column elementor-col-33 elementor-top-column elementor-element elementor-element-0bf6598\" data-id=\"0bf6598\" data-element_type=\"column\">\n\t\t\t<div class=\"elementor-widget-wrap elementor-element-populated\">\n\t\t\t\t\t\t\t\t<div class=\"elementor-element elementor-element-0431c26 elementor-widget elementor-widget-image\" data-id=\"0431c26\" data-element_type=\"widget\" data-widget_type=\"image.default\">\n\t\t\t\t<div class=\"elementor-widget-container\">\n\t\t\t<style>\/*! elementor - v3.13.3 - 28-05-2023 *\/\n.elementor-widget-image{text-align:center}.elementor-widget-image a{display:inline-block}.elementor-widget-image a img[src$=\".svg\"]{width:48px}.elementor-widget-image img{vertical-align:middle;display:inline-block}<\/style>\t\t\t\t\t\t\t\t\t\t\t\t<img loading=\"lazy\" decoding=\"async\" width=\"768\" height=\"576\" src=\"https:\/\/cecanholistica.com.br\/site\/wp-content\/uploads\/2022\/09\/WhatsApp-Image-2022-09-19-at-14.14.53-4-768x576.jpeg\" class=\"attachment-medium_large size-medium_large wp-image-1117\" alt=\"\" srcset=\"https:\/\/cecanholistica.com.br\/site\/wp-content\/uploads\/2022\/09\/WhatsApp-Image-2022-09-19-at-14.14.53-4-768x576.jpeg 768w, https:\/\/cecanholistica.com.br\/site\/wp-content\/uploads\/2022\/09\/WhatsApp-Image-2022-09-19-at-14.14.53-4-600x450.jpeg 600w, https:\/\/cecanholistica.com.br\/site\/wp-content\/uploads\/2022\/09\/WhatsApp-Image-2022-09-19-at-14.14.53-4-300x225.jpeg 300w, https:\/\/cecanholistica.com.br\/site\/wp-content\/uploads\/2022\/09\/WhatsApp-Image-2022-09-19-at-14.14.53-4.jpeg 1024w\" sizes=\"auto, (max-width: 768px) 100vw, 768px\" \/>\t\t\t\t\t\t\t\t\t\t\t\t\t\t\t<\/div>\n\t\t\t\t<\/div>\n\t\t\t\t<div class=\"elementor-element elementor-element-ae78fe5 elementor-widget elementor-widget-image\" data-id=\"ae78fe5\" data-element_type=\"widget\" data-widget_type=\"image.default\">\n\t\t\t\t<div class=\"elementor-widget-container\">\n\t\t\t\t\t\t\t\t\t\t\t\t\t\t\t<img loading=\"lazy\" decoding=\"async\" width=\"768\" height=\"606\" src=\"https:\/\/cecanholistica.com.br\/site\/wp-content\/uploads\/2022\/09\/WhatsApp-Image-2022-09-19-at-14.02.11-768x606.jpeg\" class=\"attachment-medium_large size-medium_large wp-image-1116\" alt=\"\" srcset=\"https:\/\/cecanholistica.com.br\/site\/wp-content\/uploads\/2022\/09\/WhatsApp-Image-2022-09-19-at-14.02.11-768x606.jpeg 768w, https:\/\/cecanholistica.com.br\/site\/wp-content\/uploads\/2022\/09\/WhatsApp-Image-2022-09-19-at-14.02.11-600x473.jpeg 600w, https:\/\/cecanholistica.com.br\/site\/wp-content\/uploads\/2022\/09\/WhatsApp-Image-2022-09-19-at-14.02.11-300x237.jpeg 300w, https:\/\/cecanholistica.com.br\/site\/wp-content\/uploads\/2022\/09\/WhatsApp-Image-2022-09-19-at-14.02.11.jpeg 867w\" sizes=\"auto, (max-width: 768px) 100vw, 768px\" \/>\t\t\t\t\t\t\t\t\t\t\t\t\t\t\t<\/div>\n\t\t\t\t<\/div>\n\t\t\t\t<div class=\"elementor-element elementor-element-43ab902 elementor-widget elementor-widget-image\" data-id=\"43ab902\" data-element_type=\"widget\" data-widget_type=\"image.default\">\n\t\t\t\t<div class=\"elementor-widget-container\">\n\t\t\t\t\t\t\t\t\t\t\t\t\t\t\t<img loading=\"lazy\" decoding=\"async\" width=\"768\" height=\"576\" src=\"https:\/\/cecanholistica.com.br\/site\/wp-content\/uploads\/2022\/09\/WhatsApp-Image-2022-09-19-at-14.14.52-768x576.jpeg\" class=\"attachment-medium_large size-medium_large wp-image-1124\" alt=\"\" srcset=\"https:\/\/cecanholistica.com.br\/site\/wp-content\/uploads\/2022\/09\/WhatsApp-Image-2022-09-19-at-14.14.52-768x576.jpeg 768w, https:\/\/cecanholistica.com.br\/site\/wp-content\/uploads\/2022\/09\/WhatsApp-Image-2022-09-19-at-14.14.52-600x450.jpeg 600w, https:\/\/cecanholistica.com.br\/site\/wp-content\/uploads\/2022\/09\/WhatsApp-Image-2022-09-19-at-14.14.52-300x225.jpeg 300w, https:\/\/cecanholistica.com.br\/site\/wp-content\/uploads\/2022\/09\/WhatsApp-Image-2022-09-19-at-14.14.52.jpeg 1024w\" sizes=\"auto, (max-width: 768px) 100vw, 768px\" \/>\t\t\t\t\t\t\t\t\t\t\t\t\t\t\t<\/div>\n\t\t\t\t<\/div>\n\t\t\t\t\t<\/div>\n\t\t<\/div>\n\t\t\t\t\t\t\t<\/div>\n\t\t<\/section>\n\t\t\t\t\t\t\t<\/div>\n\t\t","protected":false},"excerpt":{"rendered":"<p>CECAN \u2013 Centro Carioca de Terapias Hol\u00edstica e Natural O objetivo da cria\u00e7\u00e3o do CECAN nasceu do desejo de auxiliar as pessoas que sofrem tanto de dores f\u00edsicas, como dores da alma, a superarem suas enfermidades e voltarem a ter uma melhor qualidade de vida. O CECAN n\u00e3o adota ou representa nenhuma religi\u00e3o em particular, &hellip;<\/p>\n<p class=\"read-more\"> <a class=\"\" href=\"https:\/\/cecanholistica.com.br\/site\/sobre\/\"> <span class=\"screen-reader-text\">sOBRE<\/span> Leia mais &raquo;<\/a><\/p>\n","protected":false},"author":1,"featured_media":0,"parent":0,"menu_order":0,"comment_status":"closed","ping_status":"closed","template":"","meta":{"site-sidebar-layout":"no-sidebar","site-content-layout":"page-builder","ast-global-header-display":"","ast-banner-title-visibility":"","ast-main-header-display":"","ast-hfb-above-header-display":"","ast-hfb-below-header-display":"","ast-hfb-mobile-header-display":"","site-post-title":"disabled","ast-breadcrumbs-content":"","ast-featured-img":"disabled","footer-sml-layout":"","theme-transparent-header-meta":"","adv-header-id-meta":"","stick-header-meta":"","header-above-stick-meta":"","header-main-stick-meta":"","header-below-stick-meta":"","footnotes":""},"class_list":["post-34","page","type-page","status-publish","hentry"],"_links":{"self":[{"href":"https:\/\/cecanholistica.com.br\/site\/wp-json\/wp\/v2\/pages\/34","targetHints":{"allow":["GET"]}}],"collection":[{"href":"https:\/\/cecanholistica.com.br\/site\/wp-json\/wp\/v2\/pages"}],"about":[{"href":"https:\/\/cecanholistica.com.br\/site\/wp-json\/wp\/v2\/types\/page"}],"author":[{"embeddable":true,"href":"https:\/\/cecanholistica.com.br\/site\/wp-json\/wp\/v2\/users\/1"}],"replies":[{"embeddable":true,"href":"https:\/\/cecanholistica.com.br\/site\/wp-json\/wp\/v2\/comments?post=34"}],"version-history":[{"count":58,"href":"https:\/\/cecanholistica.com.br\/site\/wp-json\/wp\/v2\/pages\/34\/revisions"}],"predecessor-version":[{"id":1418,"href":"https:\/\/cecanholistica.com.br\/site\/wp-json\/wp\/v2\/pages\/34\/revisions\/1418"}],"wp:attachment":[{"href":"https:\/\/cecanholistica.com.br\/site\/wp-json\/wp\/v2\/media?parent=34"}],"curies":[{"name":"wp","href":"https:\/\/api.w.org\/{rel}","templated":true}]}}