{"id":1519,"date":"2023-03-21T18:03:20","date_gmt":"2023-03-21T21:03:20","guid":{"rendered":"https:\/\/cecanholistica.com.br\/site\/?post_type=product&#038;p=1519"},"modified":"2023-03-21T18:03:20","modified_gmt":"2023-03-21T21:03:20","slug":"pendulo-de-cristal","status":"publish","type":"product","link":"https:\/\/cecanholistica.com.br\/site\/produto\/pendulo-de-cristal\/","title":{"rendered":"P\u00eandulo de Cristal"},"content":{"rendered":"<p>O p\u00eandulo de cristal \u00e9 uma ferramenta extremamente \u00fatil para aqueles que praticam a radiestesia, uma t\u00e9cnica que usa a sensibilidade do corpo humano para detectar energias sutis. Feito de cristal transparente de alta qualidade, este p\u00eandulo \u00e9 capaz de captar as vibra\u00e7\u00f5es energ\u00e9ticas do ambiente e transmiti-las ao praticante. Com sua forma equilibrada e precis\u00e3o, \u00e9 capaz de fornecer respostas precisas a perguntas espec\u00edficas, ajudando o praticante a tomar decis\u00f5es importantes com mais clareza e confian\u00e7a. Al\u00e9m disso, o p\u00eandulo de cristal \u00e9 uma pe\u00e7a de joalheria elegante que pode ser usada como acess\u00f3rio ou pendurada em um ambiente para purificar e equilibrar a energia. Se voc\u00ea est\u00e1 procurando uma maneira de aprimorar sua pr\u00e1tica de radiestesia ou apenas deseja adicionar um toque de beleza e funcionalidade ao seu cotidiano, o p\u00eandulo de cristal \u00e9 a escolha perfeita.<\/p>\n<p>&nbsp;<\/p>\n<p>Vendas pelo Whatsapp<\/p>\n","protected":false},"excerpt":{"rendered":"<p>O p\u00eandulo de cristal \u00e9 uma ferramenta extremamente \u00fatil para aqueles que praticam a radiestesia, uma t\u00e9cnica que usa a sensibilidade do corpo humano para detectar energias sutis. Feito de cristal transparente de alta qualidade, este p\u00eandulo \u00e9 capaz de captar as vibra\u00e7\u00f5es energ\u00e9ticas do ambiente e transmiti-las ao praticante. Com sua forma equilibrada e &hellip;<\/p>\n<p class=\"read-more\"> <a class=\"\" href=\"https:\/\/cecanholistica.com.br\/site\/produto\/pendulo-de-cristal\/\"> <span class=\"screen-reader-text\">P\u00eandulo de Cristal<\/span> Leia mais &raquo;<\/a><\/p>\n","protected":false},"featured_media":1497,"comment_status":"open","ping_status":"closed","template":"","meta":{"site-sidebar-layout":"default","site-content-layout":"default","ast-global-header-display":"","ast-banner-title-visibility":"","ast-main-header-display":"","ast-hfb-above-header-display":"","ast-hfb-below-header-display":"","ast-hfb-mobile-header-display":"","site-post-title":"","ast-breadcrumbs-content":"","ast-featured-img":"","footer-sml-layout":"","theme-transparent-header-meta":"default","adv-header-id-meta":"","stick-header-meta":"","header-above-stick-meta":"","header-main-stick-meta":"","header-below-stick-meta":""},"product_cat":[32],"product_tag":[],"class_list":["post-1519","product","type-product","status-publish","has-post-thumbnail","hentry","product_cat-acessorios-de-radiestesia","desktop-align-left","tablet-align-left","mobile-align-left"],"_links":{"self":[{"href":"https:\/\/cecanholistica.com.br\/site\/wp-json\/wp\/v2\/product\/1519","targetHints":{"allow":["GET"]}}],"collection":[{"href":"https:\/\/cecanholistica.com.br\/site\/wp-json\/wp\/v2\/product"}],"about":[{"href":"https:\/\/cecanholistica.com.br\/site\/wp-json\/wp\/v2\/types\/product"}],"replies":[{"embeddable":true,"href":"https:\/\/cecanholistica.com.br\/site\/wp-json\/wp\/v2\/comments?post=1519"}],"wp:featuredmedia":[{"embeddable":true,"href":"https:\/\/cecanholistica.com.br\/site\/wp-json\/wp\/v2\/media\/1497"}],"wp:attachment":[{"href":"https:\/\/cecanholistica.com.br\/site\/wp-json\/wp\/v2\/media?parent=1519"}],"wp:term":[{"taxonomy":"product_cat","embeddable":true,"href":"https:\/\/cecanholistica.com.br\/site\/wp-json\/wp\/v2\/product_cat?post=1519"},{"taxonomy":"product_tag","embeddable":true,"href":"https:\/\/cecanholistica.com.br\/site\/wp-json\/wp\/v2\/product_tag?post=1519"}],"curies":[{"name":"wp","href":"https:\/\/api.w.org\/{rel}","templated":true}]}}