{"id":1523,"date":"2023-03-21T18:15:48","date_gmt":"2023-03-21T21:15:48","guid":{"rendered":"https:\/\/cecanholistica.com.br\/site\/?post_type=product&#038;p=1523"},"modified":"2023-03-21T18:15:48","modified_gmt":"2023-03-21T21:15:48","slug":"pulseira-de-aco","status":"publish","type":"product","link":"https:\/\/cecanholistica.com.br\/site\/produto\/pulseira-de-aco\/","title":{"rendered":"Pulseira de A\u00e7o"},"content":{"rendered":"<p>A pulseira de a\u00e7o \u00e9 uma pe\u00e7a elegante e vers\u00e1til que pode ser usada em diversas ocasi\u00f5es. Feita de a\u00e7o inoxid\u00e1vel dur\u00e1vel e resistente \u00e0 corros\u00e3o, esta pulseira \u00e9 uma op\u00e7\u00e3o de joalheria elegante para homens e mulheres. Com seu design moderno e minimalista, a pulseira de a\u00e7o \u00e9 uma excelente op\u00e7\u00e3o para quem busca uma pe\u00e7a de joalheria que combine com qualquer estilo. Al\u00e9m disso, a pulseira de a\u00e7o pode ser usada diariamente sem desbotar ou perder o brilho, e n\u00e3o causa rea\u00e7\u00f5es al\u00e9rgicas na pele. \u00c9 uma excelente op\u00e7\u00e3o para quem procura uma pulseira de alta qualidade que dure muito tempo. Com um pre\u00e7o acess\u00edvel e um design discreto, a pulseira de a\u00e7o \u00e9 uma escolha perfeita para presentear amigos ou familiares em ocasi\u00f5es especiais. Adquira agora a pulseira de a\u00e7o e tenha uma joia de alta qualidade que pode ser usada por muitos anos.<\/p>\n","protected":false},"excerpt":{"rendered":"<p>A pulseira de a\u00e7o \u00e9 uma pe\u00e7a elegante e vers\u00e1til que pode ser usada em diversas ocasi\u00f5es. Feita de a\u00e7o inoxid\u00e1vel dur\u00e1vel e resistente \u00e0 corros\u00e3o, esta pulseira \u00e9 uma op\u00e7\u00e3o de joalheria elegante para homens e mulheres. Com seu design moderno e minimalista, a pulseira de a\u00e7o \u00e9 uma excelente op\u00e7\u00e3o para quem busca &hellip;<\/p>\n<p class=\"read-more\"> <a class=\"\" href=\"https:\/\/cecanholistica.com.br\/site\/produto\/pulseira-de-aco\/\"> <span class=\"screen-reader-text\">Pulseira de A\u00e7o<\/span> Leia mais &raquo;<\/a><\/p>\n","protected":false},"featured_media":1501,"comment_status":"open","ping_status":"closed","template":"","meta":{"site-sidebar-layout":"default","site-content-layout":"default","ast-global-header-display":"","ast-banner-title-visibility":"","ast-main-header-display":"","ast-hfb-above-header-display":"","ast-hfb-below-header-display":"","ast-hfb-mobile-header-display":"","site-post-title":"","ast-breadcrumbs-content":"","ast-featured-img":"","footer-sml-layout":"","theme-transparent-header-meta":"default","adv-header-id-meta":"","stick-header-meta":"","header-above-stick-meta":"","header-main-stick-meta":"","header-below-stick-meta":""},"product_cat":[34],"product_tag":[],"class_list":["post-1523","product","type-product","status-publish","has-post-thumbnail","hentry","product_cat-bijuteria","desktop-align-left","tablet-align-left","mobile-align-left"],"_links":{"self":[{"href":"https:\/\/cecanholistica.com.br\/site\/wp-json\/wp\/v2\/product\/1523","targetHints":{"allow":["GET"]}}],"collection":[{"href":"https:\/\/cecanholistica.com.br\/site\/wp-json\/wp\/v2\/product"}],"about":[{"href":"https:\/\/cecanholistica.com.br\/site\/wp-json\/wp\/v2\/types\/product"}],"replies":[{"embeddable":true,"href":"https:\/\/cecanholistica.com.br\/site\/wp-json\/wp\/v2\/comments?post=1523"}],"wp:featuredmedia":[{"embeddable":true,"href":"https:\/\/cecanholistica.com.br\/site\/wp-json\/wp\/v2\/media\/1501"}],"wp:attachment":[{"href":"https:\/\/cecanholistica.com.br\/site\/wp-json\/wp\/v2\/media?parent=1523"}],"wp:term":[{"taxonomy":"product_cat","embeddable":true,"href":"https:\/\/cecanholistica.com.br\/site\/wp-json\/wp\/v2\/product_cat?post=1523"},{"taxonomy":"product_tag","embeddable":true,"href":"https:\/\/cecanholistica.com.br\/site\/wp-json\/wp\/v2\/product_tag?post=1523"}],"curies":[{"name":"wp","href":"https:\/\/api.w.org\/{rel}","templated":true}]}}