{"id":1524,"date":"2023-03-21T18:17:07","date_gmt":"2023-03-21T21:17:07","guid":{"rendered":"https:\/\/cecanholistica.com.br\/site\/?post_type=product&#038;p=1524"},"modified":"2025-05-11T21:18:33","modified_gmt":"2025-05-12T00:18:33","slug":"floral-questionario-personalizado","status":"publish","type":"product","link":"https:\/\/cecanholistica.com.br\/site\/produto\/floral-questionario-personalizado\/","title":{"rendered":"Floral e Question\u00e1rio Personalizado"},"content":{"rendered":"<p>O servi\u00e7o de Terapia Floral com Question\u00e1rio Personalizado \u00e9 uma abordagem hol\u00edstica e personalizada para ajudar a aliviar o estresse e promover o bem-estar emocional. Nossa equipe de terapeutas florais altamente qualificados utiliza uma combina\u00e7\u00e3o \u00fanica de ess\u00eancias florais para ajudar a equilibrar as emo\u00e7\u00f5es e promover uma sensa\u00e7\u00e3o de calma e paz interior. Ao preencher um question\u00e1rio personalizado, nossos terapeutas florais podem entender suas necessidades individuais e criar uma mistura floral \u00fanica que atenda \u00e0s suas necessidades espec\u00edficas. Nossas ess\u00eancias florais s\u00e3o feitas de flores org\u00e2nicas e s\u00e3o seguras e eficazes para todas as idades. Este servi\u00e7o de terapia floral personalizado pode ser feito remotamente, sem a necessidade de visitas presenciais, tornando-o conveniente para pessoas com agendas ocupadas ou que preferem a privacidade de sua casa. Ao escolher o nosso servi\u00e7o de Terapia Floral com Question\u00e1rio Personalizado, voc\u00ea estar\u00e1 investindo em sua sa\u00fade emocional e bem-estar. Deixe nossos terapeutas florais cuidarem de voc\u00ea. Agende sua consulta agora e comece a jornada para uma vida mais equilibrada e harmoniosa.<\/p>\n","protected":false},"excerpt":{"rendered":"<p>O servi\u00e7o de Terapia Floral com Question\u00e1rio Personalizado \u00e9 uma abordagem hol\u00edstica e personalizada para ajudar a aliviar o estresse e promover o bem-estar emocional. Nossa equipe de terapeutas florais altamente qualificados utiliza uma combina\u00e7\u00e3o \u00fanica de ess\u00eancias florais para ajudar a equilibrar as emo\u00e7\u00f5es e promover uma sensa\u00e7\u00e3o de calma e paz interior. Ao &hellip;<\/p>\n<p class=\"read-more\"> <a class=\"\" href=\"https:\/\/cecanholistica.com.br\/site\/produto\/floral-questionario-personalizado\/\"> <span class=\"screen-reader-text\">Floral e Question\u00e1rio Personalizado<\/span> Leia mais &raquo;<\/a><\/p>\n","protected":false},"featured_media":1502,"comment_status":"open","ping_status":"closed","template":"","meta":{"site-sidebar-layout":"default","site-content-layout":"default","ast-global-header-display":"","ast-banner-title-visibility":"","ast-main-header-display":"","ast-hfb-above-header-display":"","ast-hfb-below-header-display":"","ast-hfb-mobile-header-display":"","site-post-title":"","ast-breadcrumbs-content":"","ast-featured-img":"","footer-sml-layout":"","theme-transparent-header-meta":"default","adv-header-id-meta":"","stick-header-meta":"","header-above-stick-meta":"","header-main-stick-meta":"","header-below-stick-meta":""},"product_cat":[35],"product_tag":[],"class_list":["post-1524","product","type-product","status-publish","has-post-thumbnail","hentry","product_cat-terapias","desktop-align-left","tablet-align-left","mobile-align-left"],"_links":{"self":[{"href":"https:\/\/cecanholistica.com.br\/site\/wp-json\/wp\/v2\/product\/1524","targetHints":{"allow":["GET"]}}],"collection":[{"href":"https:\/\/cecanholistica.com.br\/site\/wp-json\/wp\/v2\/product"}],"about":[{"href":"https:\/\/cecanholistica.com.br\/site\/wp-json\/wp\/v2\/types\/product"}],"replies":[{"embeddable":true,"href":"https:\/\/cecanholistica.com.br\/site\/wp-json\/wp\/v2\/comments?post=1524"}],"wp:featuredmedia":[{"embeddable":true,"href":"https:\/\/cecanholistica.com.br\/site\/wp-json\/wp\/v2\/media\/1502"}],"wp:attachment":[{"href":"https:\/\/cecanholistica.com.br\/site\/wp-json\/wp\/v2\/media?parent=1524"}],"wp:term":[{"taxonomy":"product_cat","embeddable":true,"href":"https:\/\/cecanholistica.com.br\/site\/wp-json\/wp\/v2\/product_cat?post=1524"},{"taxonomy":"product_tag","embeddable":true,"href":"https:\/\/cecanholistica.com.br\/site\/wp-json\/wp\/v2\/product_tag?post=1524"}],"curies":[{"name":"wp","href":"https:\/\/api.w.org\/{rel}","templated":true}]}}